{"id":1506,"date":"2025-03-21T10:29:25","date_gmt":"2025-03-21T10:29:25","guid":{"rendered":"https:\/\/two7gym.com\/pagina-de-inicio\/"},"modified":"2025-05-26T12:43:32","modified_gmt":"2025-05-26T12:43:32","slug":"pagina-de-inicio","status":"publish","type":"page","link":"https:\/\/two7gym.com\/en\/","title":{"rendered":"Home Page"},"content":{"rendered":"\n<div class=\"swiper-hero swiper\">\n<div class=\"swiper-wrapper\">\n<div class=\"gb-element-d336f55a swiper-slide\">\n<div class=\"section-px gb-element-65cfd1ee\">\n<div class=\"gb-element-5653cd17\">\n<h1 class=\"gb-text titulo-slide gb-text-ac9f0210\">MARBRE MALVA<\/h1>\n\n\n\n<p class=\"gb-text texto-slide gb-text-eb68da1e\">Drawing inspiration from us all<\/p>\n\n\n\n<a class=\"gb-text bt-gradient\" href=\"https:\/\/two7gym.com\/en\/product\/maillot-marbre-malva\/\">JOIN THE PRESALE<\/a>\n<\/div>\n<\/div>\n<\/div>\n\n\n\n<div class=\"gb-element-16c28000 swiper-slide\">\n<div class=\"section-px gb-element-e2e0d429\">\n<div class=\"gb-element-f740fd42\">\n<h2 class=\"gb-text titulo-slide gb-text-94f9fc62\">PRISMA GLOW<\/h2>\n\n\n\n<p class=\"gb-text texto-slide gb-text-7907d3be\">Designed to shine<\/p>\n\n\n\n<a class=\"gb-text bt-gradient\" href=\"https:\/\/two7gym.com\/product\/trio-prisma-glow\/\">JOIN THE PRESALE<\/a>\n<\/div>\n<\/div>\n<\/div>\n\n\n\n<div class=\"gb-element-875e32bd swiper-slide\">\n<div class=\"section-px gb-element-756ab31d\">\n<div class=\"gb-element-890dff2c\">\n<img loading=\"lazy\" decoding=\"async\" width=\"66\" height=\"147\" class=\"gb-media-4d2ad1c3\" alt=\"logo Two 7 vertical \" src=\"https:\/\/spcdn.shortpixel.ai\/spio\/ret_img,q_cdnize,to_auto,s_webp:avif\/two7gym.com\/wp-content\/uploads\/2025\/05\/logo_two_7_verti.svg\" title=\"logo_two_7_verti\"\/>\n\n\n\n<a class=\"gb-text bt-gradient\" href=\"https:\/\/two7gym.com\/sobre-nosotras\/\">Con\u00f3cenos<\/a>\n<\/div>\n<\/div>\n<\/div>\n\n\n\n<div class=\"gb-element-28fcb005 swiper-slide\">\n<div class=\"section-px gb-element-4de3deb9\">\n<div class=\"gb-element-9afcb69b\">\n<h2 class=\"gb-text titulo-slide gb-text-f0d4fa35\">ESTO ES SOLO EL PRINCIPIO<\/h2>\n\n\n\n<p class=\"gb-text texto-slide gb-text-26bac497\">Una colecci\u00f3n pensada para entrenar sin l\u00edmites y cuidar el planeta<\/p>\n\n\n\n<a class=\"gb-text bt-gradient\" href=\"https:\/\/two7gym.com\/en\/shop\/\">VER COLECCI\u00d3N<\/a>\n<\/div>\n<\/div>\n<\/div>\n<\/div>\n\n\n\n<div class=\"section-px gb-element-051a02c3 swiper-c-pagination\"><\/div>\n\n\n\n<link\n  rel=\"stylesheet\"\n  href=\"https:\/\/cdn.jsdelivr.net\/npm\/swiper@11\/swiper-bundle.min.css\"\n\/>\n\n<script src=\"https:\/\/cdn.jsdelivr.net\/npm\/swiper@11\/swiper-bundle.min.js\"><\/script>\n<script>\nconst swiper = new Swiper('.swiper-hero', {\n  \/\/ Optional parameters\n  \"loop\":true,\"autoplay\":{\"delay\":7000,\"pauseOnMouseEnter\":true,\"stopOnLastSlide\":true,\"disableOnInteraction\":true},\n\n  pagination: {\n      el: '.swiper-c-pagination',\n      clickable: true,\n        renderBullet: function (index, className) {\n          return '<span class=\"' + className + '\"><span> <\/span> <\/span>';\n        },\n    },\n});\n<\/script>\n<\/div>\n\n\n\n<div class=\"section-py gb-element-f939275b\">\n<div class=\"section-px gb-element-c37014b9\">\n<h2 class=\"gb-text gb-text-78fe65e9\">Productos Destacados<\/h2>\n\n\n<div>\n    <div class=\"swiper swiper-productos\">\n        <div class=\"swiper-wrapper\">\n                        <div class=\"swiper-slide slide-productos\" data-id=\"div_block-11-672\">\n                <a class=\"ct-link\" href=\"https:\/\/two7gym.com\/en\/producto\/maillot-marbre-malva\/\" target=\"_self\">\n                    <div class=\"relative\">\n                        <img decoding=\"async\"\n                            alt=\"\"\n                            src=\"https:\/\/spcdn.shortpixel.ai\/spio\/ret_img,q_cdnize,to_auto,s_webp:avif\/two7gym.com\/wp-content\/uploads\/2025\/05\/maillot_marbre_mauve_front_pose-scaled.jpg\"\n                            class=\"ct-image\"\n                        >\n                                            <\/div>\n                    <h3 class=\"card-title\">MAILLOT MARBRE MALVA<\/h3>\n                                            <div class=\"product-price\">\n                            <span class=\"woocommerce-Price-amount amount\" aria-hidden=\"true\"><bdi><span class=\"woocommerce-Price-currencySymbol\">&euro;<\/span>46.90<\/bdi><\/span> <span aria-hidden=\"true\">&ndash;<\/span> <span class=\"woocommerce-Price-amount amount\" aria-hidden=\"true\"><bdi><span class=\"woocommerce-Price-currencySymbol\">&euro;<\/span>49.90<\/bdi><\/span><span class=\"screen-reader-text\">Price range: &euro;46.90 through &euro;49.90<\/span>                        <\/div>\n                                    <\/a>\n            <\/div>\n                    <\/div>\n        <div class=\"swiper-productos-prev-next-wrapper\">\n            <div class=\"swiper-productos-prev flex centered rounded-full\">\n                <img decoding=\"async\"\n                    src=\"https:\/\/spcdn.shortpixel.ai\/spio\/ret_img,q_cdnize,to_auto,s_webp:avif\/two7gym.com\/wp-content\/uploads\/2025\/05\/arrow-left.svg\"\n                    class=\"ct-image\"\n                    sizes=\"(max-width: 64px) 100vw, 64px\" alt=\"Flecha anterior\"\n                >\n            <\/div>\n            <div class=\"swiper-productos-next flex centered rounded-full\">\n                <img decoding=\"async\"\n                    src=\"https:\/\/spcdn.shortpixel.ai\/spio\/ret_img,q_cdnize,to_auto,s_webp:avif\/two7gym.com\/wp-content\/uploads\/2025\/05\/arrow-right.svg\"\n                    class=\"ct-image\"\n                    sizes=\"(max-width: 64px) 100vw, 64px\" alt=\"Flecha siguiente\"\n                >\n            <\/div>\n        <\/div>\n    <\/div>\n<\/div>\n\n<\/div>\n<\/div>\n\n\n\n<div class=\"gb-element-81242c61\">\n<div class=\"gb-element-a7330903\">\n<img decoding=\"async\" class=\"gb-media-f60da9f5\" src=\"https:\/\/spcdn.shortpixel.ai\/spio\/ret_img,q_cdnize,to_auto,s_webp:avif\/two7gym.com\/wp-content\/uploads\/2025\/05\/sobre-nosotras.jpg\" alt=\"Tres gimnastas en el gimnasio de pie en formaci\u00f3n, vistiendo los modelos Smoke Effect, Marbre Malva y Marbre Malva Top de la colecci\u00f3n TWO7.\" title=\"sobre-nosotros\"\/>\n<\/div>\n\n\n\n<div>\n<div class=\"section-py gb-element-0df73db8\">\n<div class=\"gb-element-7d5d41cc\">\n<h2 class=\"gb-text gb-text-6ec2eba2\">\n  Somos m\u00e1s que una <mark style=\"background-color:rgba(0, 0, 0, 0);\" class=\"has-inline-color has-primary-color-color\">marca deportiva<\/mark>, \n  somos un <mark style=\"background-color:rgba(0, 0, 0, 0);\" class=\"has-inline-color has-primary-color-color\">movimiento<\/mark>\n<\/h2>\n\n\n\n<p class=\"gb-text\">Nacidas de la pasi\u00f3n por la gimnasia art\u00edstica y con un toque de rebeld\u00eda, hemos llegado para cambiar las reglas del juego. \u00bfPor qu\u00e9? Porque mientras la gimnasia ha evolucionado a pasos de gigante, la ropa con la que se practica se ha quedado en el pasado. Nosotras apostamos por un futuro mejor.<\/p>\n\n\n\n<p><br>Nuestros maillots y prendas de entrenamiento no solo est\u00e1n dise\u00f1ados para acompa\u00f1arte en cada salto, giro y acrobacia, sino que est\u00e1n hechos con conciencia. Utilizamos tejidos sostenibles porque creemos que el planeta tambi\u00e9n merece ganar. Y, por si fuera poco, nuestras prendas son de producci\u00f3n local, apoyando a la econom\u00eda de casa y reduciendo nuestra huella de carbono.<\/p>\n\n\n\n<p><br>En un mundo donde pocos se atreven a desafiar lo establecido, nosotras queremos traer sostenibilidad a la gimnasia art\u00edstica. Porque la excelencia en el deporte tambi\u00e9n pasa por lo que llevas puesto. Nuestro compromiso es simple: ofrecerte prendas que te hagan sentir fuerte, libre y que, adem\u00e1s, cuiden del mundo que te rodea.<\/p>\n\n\n\n<p><br>As\u00ed que, si buscas m\u00e1s que un simple maillot, si buscas unirte a una revoluci\u00f3n, est\u00e1s en el lugar adecuado. Prep\u00e1rate para entrenar con estilo y conciencia. \u00bfTe unes a nuestro salto hacia el futuro?<\/p>\n\n\n\n<div style=\"height:2em\" aria-hidden=\"true\" class=\"wp-block-spacer\"><\/div>\n\n\n\n<a class=\"gb-text bt-gradient\" href=\"https:\/\/two7gym.com\/sobre-nosotras\/\">Con\u00f3cenos<\/a>\n<\/div>\n<\/div>\n<\/div>\n<\/div>\n\n\n\n<div class=\"section-py gb-element-4e33111e\">\n<div class=\"section-px gb-element-c43b9cf5\">\n<h2 class=\"gb-text gb-text-4605c454\">\u00bfPor qu\u00e9 elegir TWO7?<\/h2>\n\n\n\n<div class=\"gb-element-fec76d25\">\n<div class=\"gb-element-e306ef27\">\n<img decoding=\"async\" class=\"gb-media-25fc4e41\" src=\"https:\/\/spcdn.shortpixel.ai\/spio\/ret_img,q_cdnize,to_auto,s_webp:avif\/two7gym.com\/wp-content\/uploads\/2025\/05\/duo_geo_ice_uneven_bars.jpg\" title=\"duo_geo_ice_uneven_bars\" alt=\"Dos gimnastas sujetas en las barras asim\u00e9tricas, una con justaucorps Geo Ice y otra con top Geo Ice y shorts, ambas en postura de elevaci\u00f3n.\"\/>\n\n\n\n<div class=\"gb-element-7aa1c3b5\">\n<h3 class=\"gb-text gb-text-2d61600a\">Compromiso contigo<\/h3>\n\n\n\n<p class=\"gb-text gb-text-e39b0640\">Nuestra prioridad es que te sientas c\u00f3moda, segura y sin l\u00edmites entreno tras entreno.<br>Nuestras prendas se ajustan a ti, porque entendemos que el equilibrio perfecto entre dise\u00f1o y funcionalidad es esencial.<\/p>\n<\/div>\n<\/div>\n\n\n\n<div class=\"gb-element-27ed4576\">\n<iframe\n    src=\"https:\/\/player.vimeo.com\/video\/1086357237?h=b10ec671f8&#038;autoplay=1&#038;loop=1&#038;muted=1&#038;background=1\"\n    allow=\"autoplay; fullscreen\"\n    allowfullscreen\n    title=\"vimeo-player\">\n  <\/iframe>\n\n\n\n<div class=\"gb-element-10f81595\">\n<h3 class=\"gb-text gb-text-afcd7698\">Sostenibilidad al frente<\/h3>\n\n\n\n<p class=\"gb-text gb-text-1c172dcb\">Transformamos problemas en soluciones. \u00bfSab\u00edas que nuestros maillots y prendas de entrenamiento<br>est\u00e1n hechos con botellas de pl\u00e1stico rescatadas del oc\u00e9ano?<\/p>\n<\/div>\n<\/div>\n\n\n\n<div class=\"gb-element-da179116\">\n<img decoding=\"async\" class=\"gb-media-d0ca5409\" src=\"https:\/\/spcdn.shortpixel.ai\/spio\/ret_img,q_cdnize,to_auto,s_webp:avif\/two7gym.com\/wp-content\/uploads\/2025\/05\/maillot_smoke_crossback_side.jpg\" title=\"maillot_smoke_crossback_side\" alt=\"Detalle lateral del leotardo Smoke Effect, mostrando las tiras cruzadas en la espalda y el contraste entre el torso estampado y la parte inferior negra.\"\/>\n\n\n\n<div class=\"gb-element-e746d5a6\">\n<h3 class=\"gb-text gb-text-711a6960\">Dise\u00f1o que desaf\u00eda lo ordinario<\/h3>\n\n\n\n<p class=\"gb-text gb-text-83e86ba2\">Creemos que la gimnasia necesita evolucionar tambi\u00e9n en estilo.<br>Por eso apostamos por dise\u00f1os innovadores que combinan est\u00e9tica con rendimiento, rompiendo con lo predecible para ofrecer prendas que realmente destacan.<\/p>\n<\/div>\n<\/div>\n<\/div>\n\n\n\n<a class=\"gb-text bt-gradient gb-text-3fda2c54\" href=\"https:\/\/two7gym.com\/en\/shop\/\">IR A LA TIENDA<\/a>\n<\/div>\n<\/div>\n\n\n\n<p><\/p>\n","protected":false},"excerpt":{"rendered":"<p>MARBRE MALVA Drawing inspiration from us all JOIN THE PRESALE PRISMA GLOW Designed to shine JOIN THE PRESALE Con\u00f3cenos ESTO ES SOLO EL PRINCIPIO Una colecci\u00f3n pensada para entrenar sin l\u00edmites y cuidar el planeta VER COLECCI\u00d3N Productos Destacados Somos m\u00e1s que una marca deportiva, somos un movimiento Nacidas de la pasi\u00f3n por la gimnasia &#8230; <a title=\"Home Page\" class=\"read-more\" href=\"https:\/\/two7gym.com\/en\/\" aria-label=\"Read more about Home Page\">Read more<\/a><\/p>\n","protected":false},"author":1,"featured_media":0,"parent":0,"menu_order":0,"comment_status":"closed","ping_status":"closed","template":"","meta":{"_acf_changed":false,"_uf_show_specific_survey":0,"_uf_disable_surveys":false,"footnotes":""},"class_list":["post-1506","page","type-page","status-publish"],"acf":[],"_links":{"self":[{"href":"https:\/\/two7gym.com\/en\/wp-json\/wp\/v2\/pages\/1506","targetHints":{"allow":["GET"]}}],"collection":[{"href":"https:\/\/two7gym.com\/en\/wp-json\/wp\/v2\/pages"}],"about":[{"href":"https:\/\/two7gym.com\/en\/wp-json\/wp\/v2\/types\/page"}],"author":[{"embeddable":true,"href":"https:\/\/two7gym.com\/en\/wp-json\/wp\/v2\/users\/1"}],"replies":[{"embeddable":true,"href":"https:\/\/two7gym.com\/en\/wp-json\/wp\/v2\/comments?post=1506"}],"version-history":[{"count":5,"href":"https:\/\/two7gym.com\/en\/wp-json\/wp\/v2\/pages\/1506\/revisions"}],"predecessor-version":[{"id":1536,"href":"https:\/\/two7gym.com\/en\/wp-json\/wp\/v2\/pages\/1506\/revisions\/1536"}],"wp:attachment":[{"href":"https:\/\/two7gym.com\/en\/wp-json\/wp\/v2\/media?parent=1506"}],"curies":[{"name":"wp","href":"https:\/\/api.w.org\/{rel}","templated":true}]}}